{"id":27376,"date":"2024-02-28T20:20:43","date_gmt":"2024-02-28T17:20:43","guid":{"rendered":"http:\/\/127.0.0.1\/wordpress\/?page_id=27376"},"modified":"2024-03-16T17:05:25","modified_gmt":"2024-03-16T14:05:25","slug":"dogahr-kvkk","status":"publish","type":"page","link":"https:\/\/dogahr.com\/de\/dogahr-kvkk\/","title":{"rendered":"KVKK"},"content":{"rendered":"\n<div class=\"wp-block-uagb-container uagb-block-bce0f342 alignfull uagb-is-root-container\"><div class=\"uagb-container-inner-blocks-wrap\">\n<div class=\"wp-block-uagb-advanced-heading uagb-block-110c5ff4\"><h2 class=\"uagb-heading-text\">Schutz personenbezogener Daten<\/h2><p class=\"uagb-desc-text\">DogaHR KVKK Benachrichtigung<\/p><\/div>\n<\/div><\/div>\n\n\n\n<div class=\"wp-block-uagb-container uagb-block-fbd5ac5c alignfull uagb-is-root-container\"><div class=\"uagb-container-inner-blocks-wrap\">\n<p><strong>DOGA HUMAN RESOURCES MANAGEMENT AND INFORMATION CONSULTANCY SERVICES LTD. CO.<\/strong><\/p>\n\n\n\n<p>Diese \u201eDatenschutzerkl\u00e4rung\u201c wird ver\u00f6ffentlicht, um Sie \u00fcber Ihre Rechte gem\u00e4\u00df dem Gesetz zum Schutz personenbezogener Daten Nr. 6698 (\u201eKVKK\u201c) gem\u00e4\u00df Artikel 10 des KVKK bez\u00fcglich der Verarbeitung Ihrer personenbezogenen Daten und der \u00dcbermittlung zu informieren Ihre verarbeiteten personenbezogenen Daten, die Methoden zur Erhebung Ihrer personenbezogenen Daten und Ihre sonstigen Rechte gem\u00e4\u00df Artikel 11 der KVKK. Wir m\u00f6chten Sie dar\u00fcber informieren, dass wir gr\u00f6\u00dftes Augenmerk auf die Vertraulichkeit und Sicherheit aller personenbezogenen Daten legen, die Doga HR zur Verf\u00fcgung gestellt werden, und dass alle erforderlichen technischen und administrativen Sicherheitsma\u00dfnahmen zum Schutz dieser Daten getroffen wurden.<\/p>\n\n\n\n<p><strong>Status des Datenverantwortlichen:<\/strong><\/p>\n\n\n\n<p>Als Doga HR fungieren wir als Datenverantwortlicher gem\u00e4\u00df KVKK und informieren Sie hiermit dar\u00fcber, dass wir Daten erfassen, speichern, verarbeiten, klassifizieren, aktualisieren und im Einklang mit den im KVKK und anderen gesetzlichen Vorschriften festgelegten Zwecken offenlegen und Ihre personenbezogenen Daten an Dritte zu den unten aufgef\u00fchrten Zwecken weiterzugeben, unter Einhaltung der gesetzlichen Bestimmungen und der Grunds\u00e4tze der Ehrlichkeit.<\/p>\n\n\n\n<p><strong>Zweck der Verarbeitung Ihrer personenbezogenen Daten:<\/strong><\/p>\n\n\n\n<p>Ihre personenbezogenen Daten werden von Doga HR gem\u00e4\u00df den im KVKK und den einschl\u00e4gigen Rechtsvorschriften geregelten Grundprinzipien verarbeitet, um Ihnen die Nutzung der von uns angebotenen Dienstleistungen zu erm\u00f6glichen, abh\u00e4ngig von Ihrer ausdr\u00fccklichen Einwilligung und\/oder anderen in Artikel 5\/2 genannten Bedingungen der KVKK und andere in Artikel 11 der KVKK genannte F\u00e4lle. Im Hinblick auf die von Doga HR bereitgestellten Dienstleistungen werden Ihre personenbezogenen Daten in unseren Rekrutierungs- und Personalprozessen, in Prozessen im Zusammenhang mit unseren Gesch\u00e4ftsbeziehungen, in technischen Prozessen sowie zum Zweck der Beantwortung von Anfragen Dritter und der Aufrechterhaltung der kommerziellen Aktivit\u00e4ten des Unternehmens verarbeitet . Ihre personenbezogenen Daten werden f\u00fcr einen dem Verarbeitungszweck angemessenen Zeitraum sicher auf physischen und elektronischen Datentr\u00e4gern gespeichert. Doga HR kommt diesbez\u00fcglich allen gesetzlichen Verpflichtungen nach, insbesondere der KVKK.<\/p>\n\n\n\n<p><strong>Erhebungsmethode und Rechtsgrundlage f\u00fcr Ihre personenbezogenen Daten:<\/strong><\/p>\n\n\n\n<p>Die Erhebung Ihrer personenbezogenen Daten erfolgt je nach Zweck der Verarbeitung \u00fcber verschiedene Kan\u00e4le wie folgt:<\/p>\n\n\n\n<p>1.Von Ihnen direkt an Doga HR \u00fcbermittelte personenbezogene Daten: Alle von Ihnen an uns \u00fcbermittelten Informationen und Dokumente;<\/p>\n\n\n\n<p>2.Pers\u00f6nliche Daten, die von Dritten \u00fcber Sie erhoben werden: Informationen und Dokumente, die Sie von den Institutionen und Organisationen und\/oder Kunden, mit denen wir zusammenarbeiten, und\/oder offiziellen Institutionen wie der t\u00fcrkischen Arbeitsagentur erhalten;<\/p>\n\n\n\n<p>3.Personenbezogene Daten, die durch Cookies und \u00e4hnliche Technologien erfasst werden.<\/p>\n\n\n\n<p>Ihre personenbezogenen Daten k\u00f6nnen automatisch oder nicht automatisch, schriftlich, m\u00fcndlich oder elektronisch, \u00fcber Doga HR und die von Doga HR beauftragten Unternehmenswebsites und andere \u00e4hnliche Kan\u00e4le erfasst werden.<\/p>\n\n\n\n<p>In diesem Zusammenhang k\u00f6nnen Ihre personenbezogenen Daten mit Ihrer ausdr\u00fccklichen Einwilligung oder unter Berufung auf die in Art. 5\/2 und Art. 6\/3 KVKK genannten Bedingungen ohne Einholung Ihrer ausdr\u00fccklichen Einwilligung und vorbehaltlich der Bedingungen verarbeitet und an Dritte weitergegeben werden gem\u00e4\u00df Artikel 7 KVKK.<\/p>\n\n\n\n<p><strong>\u00dcbermittlung Ihrer personenbezogenen Daten:<\/strong><\/p>\n\n\n\n<p>Unser Unternehmen kann Ihre personenbezogenen Daten, die es f\u00fcr die oben genannten Verarbeitungszwecke erhalten hat, an unsere Konzernunternehmen, direkte\/indirekte Gesch\u00e4ftspartner, Kunden, mit denen wir vertragliche Beziehungen unterhalten, Lieferanten, Gesch\u00e4ftspartner und unabh\u00e4ngige Wirtschaftspr\u00fcfungsgesellschaften im Rahmen des Umfangs weitergeben unserer T\u00e4tigkeit oder zust\u00e4ndige \u00f6ffentliche Institutionen oder Organisationen, die berechtigt sind, solche Daten im Rahmen der gesetzlichen Beschr\u00e4nkungen, im Rahmen unserer betrieblichen Ziele und mit beschr\u00e4nkter Beschr\u00e4nkung auf den Zweck der T\u00e4tigkeit, in \u00dcbereinstimmung mit den in geregelten Bedingungen und Zwecken f\u00fcr die Verarbeitung personenbezogener Daten anzufordern Artikel 8 und 9 KVKK.<\/p>\n\n\n\n<p><strong>\u00dcbermittlung personenbezogener Daten ins Ausland:<\/strong><\/p>\n\n\n\n<p>Eine \u00dcbermittlung Ihrer personenbezogenen Daten ins Ausland durch Doga HR ist nur mit Ihrer ausdr\u00fccklichen Einwilligung gem\u00e4\u00df der Regelung in Artikel 4\/2 der KVKK oder ohne Einholung Ihrer ausdr\u00fccklichen Einwilligung bei Vorliegen der in Artikel 5\/2 und Artikel 6 genannten Voraussetzungen m\u00f6glich. 3 des KVKK und nur beschr\u00e4nkt auf die L\u00e4nder, die vom Personal Data Protection Board (\u201eBoard\u201c) als L\u00e4nder mit angemessenem Schutz bekannt gegeben wurden, und beschr\u00e4nkt auf F\u00e4lle, in denen die Datenverantwortlichen in der T\u00fcrkei und im jeweiligen Ausland ausreichenden Schutz schriftlich und schriftlich gew\u00e4hrleisten die Genehmigung des Vorstandes einholen.<\/p>\n\n\n\n<p><strong>Ihre Rechte gem\u00e4\u00df Artikel 11 KVKK:<\/strong><\/p>\n\n\n\n<p>Gem\u00e4\u00df Artikel 11 der KVKK haben Sie folgende Rechte:<\/p>\n\n\n\n<p>1. Erfahren Sie, ob Ihre personenbezogenen Daten verarbeitet wurden,<\/p>\n\n\n\n<p>2.Anfordern von Informationen, ob Ihre personenbezogenen Daten verarbeitet wurden,<\/p>\n\n\n\n<p>3.Informieren Sie sich \u00fcber den Zweck der Verarbeitung Ihrer personenbezogenen Daten und dar\u00fcber, ob diese zweckgem\u00e4\u00df verwendet werden,<\/p>\n\n\n\n<p>4.Kenntnis der Dritten im In- oder Ausland, an die Ihre personenbezogenen Daten \u00fcbermittelt wurden,<\/p>\n\n\n\n<p>5.Bitte um Berichtigung Ihrer personenbezogenen Daten, wenn diese unvollst\u00e4ndig oder unrichtig sind,<\/p>\n\n\n\n<p>6.Beantragung der L\u00f6schung oder Vernichtung Ihrer personenbezogenen Daten gem\u00e4\u00df den in Artikel 7 KVKK genannten Bedingungen,<\/p>\n\n\n\n<p>7.Bitte um Mitteilung der gem\u00e4\u00df den Unterabs\u00e4tzen (e) und (f) durchgef\u00fchrten Vorg\u00e4nge an Dritte, an die Ihre personenbezogenen Daten \u00fcbermittelt wurden,<\/p>\n\n\n\n<p>8.Einspruch gegen das Eintreten eines gegen Sie gerichteten Ergebnisses durch die ausschlie\u00dfliche Analyse Ihrer personenbezogenen Daten durch automatisierte Systeme,<\/p>\n\n\n\n<p>9.Wenn Ihnen durch die rechtswidrige Verarbeitung Ihrer personenbezogenen Daten ein Schaden entsteht, k\u00f6nnen Sie den Ersatz des Schadens verlangen.<\/p>\n\n\n\n<p>In diesem Zusammenhang m\u00fcssen Sie bei der Aus\u00fcbung Ihrer Rechte Ihre Antr\u00e4ge \u201eschriftlich\u201c oder auf die von der KVKK festgelegte Weise an Doga HR richten. Da die Datenschutzbeh\u00f6rde noch keine andere Methode festgelegt hat, ist es zum jetzigen Zeitpunkt erforderlich, Ihre Antr\u00e4ge schriftlich einzureichen. Zu diesem Zweck k\u00f6nnen Sie Ihre schriftliche Petition einschlie\u00dflich Ihrer Erl\u00e4uterungen zu dem Recht, das Sie nutzen m\u00f6chten, zusammen mit den Dokumenten, die Ihre Identit\u00e4t identifizieren, pers\u00f6nlich bei unserem Unternehmen in \u00c7\u0131narl\u0131 mah einreichen. Ozan Abay Cad. Nr.: 10 \u0130\u00e7 Kap\u0131: 203 Ege Perla Ofis Kule Konak \u0130zmir Adresse oder Sie k\u00f6nnen diesen Antrag notariell oder sicher elektronisch unterzeichnet an Doga HR senden.<\/p>\n\n\n\n<p>Wenn Sie als betroffene Person die Erkl\u00e4rung zum Schutz personenbezogener Daten auf der Website von Doga HR nicht lesen und akzeptieren, bevor Sie Transaktionen auf der Website und der Webseite durchf\u00fchren, wird davon ausgegangen, dass Sie der Verarbeitung und Weitergabe Ihrer \u00fcber die Website erhaltenen personenbezogenen Daten zugestimmt haben Webseitentransaktionen.<\/p>\n\n\n\n<div class=\"wp-block-uagb-container uagb-block-70a0b03b\">\n<div class=\"wp-block-uagb-advanced-heading uagb-block-6e6e6926\"><h1 class=\"uagb-heading-text\">Doga HR<\/h1><\/div>\n<\/div>\n<\/div><\/div>\n","protected":false},"excerpt":{"rendered":"<p>Schutz personenbezogener Daten DogaHR KVKK Benachrichtigung DOGA HUMAN RESOURCES MANAGEMENT AND INFORMATION CONSULTANCY SERVICES LTD. CO. Diese \u201eDatenschutzerkl\u00e4rung\u201c wird ver\u00f6ffentlicht, um Sie \u00fcber Ihre Rechte gem\u00e4\u00df dem Gesetz zum Schutz personenbezogener Daten Nr. 6698 (\u201eKVKK\u201c) gem\u00e4\u00df Artikel 10 des KVKK bez\u00fcglich der Verarbeitung Ihrer personenbezogenen Daten und der \u00dcbermittlung zu informieren Ihre verarbeiteten personenbezogenen Daten, [&hellip;]<\/p>\n","protected":false},"author":1,"featured_media":0,"parent":0,"menu_order":0,"comment_status":"closed","ping_status":"closed","template":"","meta":{"_uag_custom_page_level_css":"","site-sidebar-layout":"no-sidebar","site-content-layout":"","ast-site-content-layout":"normal-width-container","site-content-style":"unboxed","site-sidebar-style":"unboxed","ast-global-header-display":"","ast-banner-title-visibility":"","ast-main-header-display":"","ast-hfb-above-header-display":"","ast-hfb-below-header-display":"","ast-hfb-mobile-header-display":"","site-post-title":"disabled","ast-breadcrumbs-content":"","ast-featured-img":"","footer-sml-layout":"","ast-disable-related-posts":"","theme-transparent-header-meta":"","adv-header-id-meta":"","stick-header-meta":"","header-above-stick-meta":"","header-main-stick-meta":"","header-below-stick-meta":"","astra-migrate-meta-layouts":"set","ast-page-background-enabled":"default","ast-page-background-meta":{"desktop":{"background-color":"","background-image":"","background-repeat":"repeat","background-position":"center center","background-size":"auto","background-attachment":"scroll","background-type":"","background-media":"","overlay-type":"","overlay-color":"","overlay-opacity":"","overlay-gradient":""},"tablet":{"background-color":"","background-image":"","background-repeat":"repeat","background-position":"center center","background-size":"auto","background-attachment":"scroll","background-type":"","background-media":"","overlay-type":"","overlay-color":"","overlay-opacity":"","overlay-gradient":""},"mobile":{"background-color":"","background-image":"","background-repeat":"repeat","background-position":"center center","background-size":"auto","background-attachment":"scroll","background-type":"","background-media":"","overlay-type":"","overlay-color":"","overlay-opacity":"","overlay-gradient":""}},"ast-content-background-meta":{"desktop":{"background-color":"var(--ast-global-color-5)","background-image":"","background-repeat":"repeat","background-position":"center center","background-size":"auto","background-attachment":"scroll","background-type":"","background-media":"","overlay-type":"","overlay-color":"","overlay-opacity":"","overlay-gradient":""},"tablet":{"background-color":"var(--ast-global-color-5)","background-image":"","background-repeat":"repeat","background-position":"center center","background-size":"auto","background-attachment":"scroll","background-type":"","background-media":"","overlay-type":"","overlay-color":"","overlay-opacity":"","overlay-gradient":""},"mobile":{"background-color":"var(--ast-global-color-5)","background-image":"","background-repeat":"repeat","background-position":"center center","background-size":"auto","background-attachment":"scroll","background-type":"","background-media":"","overlay-type":"","overlay-color":"","overlay-opacity":"","overlay-gradient":""}},"footnotes":""},"class_list":["post-27376","page","type-page","status-publish","hentry"],"uagb_featured_image_src":{"full":false,"thumbnail":false,"medium":false,"medium_large":false,"large":false,"1536x1536":false,"2048x2048":false},"uagb_author_info":{"display_name":"doga-de","author_link":"https:\/\/dogahr.com\/de\/author\/doga-de\/"},"uagb_comment_info":0,"uagb_excerpt":"Schutz personenbezogener Daten DogaHR KVKK Benachrichtigung DOGA HUMAN RESOURCES MANAGEMENT AND INFORMATION CONSULTANCY SERVICES LTD. CO. Diese \u201eDatenschutzerkl\u00e4rung\u201c wird ver\u00f6ffentlicht, um Sie \u00fcber Ihre Rechte gem\u00e4\u00df dem Gesetz zum Schutz personenbezogener Daten Nr. 6698 (\u201eKVKK\u201c) gem\u00e4\u00df Artikel 10 des KVKK bez\u00fcglich der Verarbeitung Ihrer personenbezogenen Daten und der \u00dcbermittlung zu informieren Ihre verarbeiteten personenbezogenen Daten,&hellip;","_links":{"self":[{"href":"https:\/\/dogahr.com\/de\/wp-json\/wp\/v2\/pages\/27376","targetHints":{"allow":["GET"]}}],"collection":[{"href":"https:\/\/dogahr.com\/de\/wp-json\/wp\/v2\/pages"}],"about":[{"href":"https:\/\/dogahr.com\/de\/wp-json\/wp\/v2\/types\/page"}],"author":[{"embeddable":true,"href":"https:\/\/dogahr.com\/de\/wp-json\/wp\/v2\/users\/1"}],"replies":[{"embeddable":true,"href":"https:\/\/dogahr.com\/de\/wp-json\/wp\/v2\/comments?post=27376"}],"version-history":[{"count":0,"href":"https:\/\/dogahr.com\/de\/wp-json\/wp\/v2\/pages\/27376\/revisions"}],"wp:attachment":[{"href":"https:\/\/dogahr.com\/de\/wp-json\/wp\/v2\/media?parent=27376"}],"curies":[{"name":"wp","href":"https:\/\/api.w.org\/{rel}","templated":true}]}}