{"id":27434,"date":"2024-03-01T13:16:21","date_gmt":"2024-03-01T10:16:21","guid":{"rendered":"http:\/\/127.0.0.1\/wordpress\/?page_id=27434"},"modified":"2024-03-17T17:27:42","modified_gmt":"2024-03-17T14:27:42","slug":"dogahr-lohnabrechnungs-dienste","status":"publish","type":"page","link":"https:\/\/dogahr.com\/de\/dogahr-lohnabrechnungs-dienste\/","title":{"rendered":"Lohnabrechnungs Dienste"},"content":{"rendered":"\n<div class=\"wp-block-uagb-container uagb-block-f1ce7e20 alignfull uagb-is-root-container\">\n<div class=\"wp-block-uagb-advanced-heading uagb-block-b3db0c3a\"><h1 class=\"uagb-heading-text\"><a href=\"https:\/\/www.dogainsankaynaklari.com\/service\/hizmet_personel\/\"><\/a>Lohnabrechnungs Dienste<\/h1><p class=\"uagb-desc-text\">DogaHR ist bereit, Sie bei Ihren Personalmanagement Anforderungen zu unterst\u00fctzen!<\/p><\/div>\n<\/div>\n\n\n\n<div class=\"wp-block-uagb-container uagb-block-97cee4b4 alignfull uagb-is-root-container\"><div class=\"uagb-container-inner-blocks-wrap\">\n<div class=\"wp-block-uagb-advanced-heading uagb-block-fba16994\"><h4 class=\"uagb-heading-text\">Als DogaHR bieten wir L\u00f6sungen f\u00fcr die Personalunterlagen und Gehaltsabrechnung Verwaltung Ihres Unternehmens.<\/h4><\/div>\n\n\n\n<div class=\"wp-block-uagb-container uagb-block-8a744169\">\n<div class=\"wp-block-uagb-container uagb-block-1ec2ade0\">\n<div class=\"wp-block-uagb-image uagb-block-e5bde8c2 wp-block-uagb-image--layout-default wp-block-uagb-image--effect-static wp-block-uagb-image--align-none\"><figure class=\"wp-block-uagb-image__figure\"><img decoding=\"async\" srcset=\"https:\/\/dogahr.com\/de\/wp-content\/uploads\/2024\/02\/hizmet_bordrolama.webp ,https:\/\/dogahr.com\/de\/wp-content\/uploads\/2024\/02\/hizmet_bordrolama.webp 780w, https:\/\/dogahr.com\/de\/wp-content\/uploads\/2024\/02\/hizmet_bordrolama.webp 360w\" sizes=\"auto, (max-width: 480px) 150px\" src=\"https:\/\/dogahr.com\/de\/wp-content\/uploads\/2024\/02\/hizmet_bordrolama.webp\" alt=\"DogaHR Lohnabrechnungs Dienste\" class=\"uag-image-27050\" width=\"600\" height=\"400\" title=\"DogaHR Lohnabrechnungs Dienste\" loading=\"lazy\" role=\"img\"\/><\/figure><\/div>\n<\/div>\n\n\n\n<div class=\"wp-block-uagb-container uagb-block-6699f6ce\">\n<ul class=\"wp-block-list\" style=\"margin-top:0;margin-right:0;margin-bottom:0;margin-left:0;padding-top:0;padding-right:var(--wp--preset--spacing--40);padding-bottom:0;padding-left:var(--wp--preset--spacing--40)\">\n<li><strong>Personaldokumenten und Archivverwaltung<\/strong><\/li>\n\n\n\n<li><strong>Vorbereitung von Arbeitsvertr\u00e4gen<\/strong><\/li>\n\n\n\n<li><strong>Management rechtlicher und betrieblicher Prozesse f\u00fcr Einstellung und K\u00fcndigung<\/strong><\/li>\n\n\n\n<li><strong>HR-System Prozessmanagement (Softwarebasiert)<\/strong><\/li>\n\n\n\n<li><strong>Berichterstattung \u00fcber Personal und Aufzeichnungssysteme<\/strong><\/li>\n\n\n\n<li><strong>Warnung und schriftliches Prozessmanagement<\/strong><\/li>\n\n\n\n<li><strong>Alle Lohn und Gehaltsabrechnungs und E-Deklarationsdienste<\/strong><\/li>\n\n\n\n<li><strong>Beratung zu staatlichen Anreizen<\/strong><\/li>\n\n\n\n<li><strong>ISKUR Incentives Beratung<\/strong><\/li>\n\n\n\n<li><strong>Beratung zum Arbeitsrecht Nr. 4857 Gesetzgebung<\/strong><\/li>\n\n\n\n<li><strong>Verwaltungsstrafen und Empfehlungen<\/strong><\/li>\n\n\n\n<li><strong>Erstellung eines Mitarbeiters Handbuchs<\/strong><\/li>\n<\/ul>\n<\/div>\n<\/div>\n<\/div><\/div>\n","protected":false},"excerpt":{"rendered":"<p>Lohnabrechnungs Dienste DogaHR ist bereit, Sie bei Ihren Personalmanagement Anforderungen zu unterst\u00fctzen! Als DogaHR bieten wir L\u00f6sungen f\u00fcr die Personalunterlagen und Gehaltsabrechnung Verwaltung Ihres Unternehmens.<\/p>\n","protected":false},"author":1,"featured_media":0,"parent":0,"menu_order":0,"comment_status":"closed","ping_status":"closed","template":"","meta":{"_uag_custom_page_level_css":"","site-sidebar-layout":"no-sidebar","site-content-layout":"","ast-site-content-layout":"normal-width-container","site-content-style":"unboxed","site-sidebar-style":"unboxed","ast-global-header-display":"","ast-banner-title-visibility":"","ast-main-header-display":"","ast-hfb-above-header-display":"","ast-hfb-below-header-display":"","ast-hfb-mobile-header-display":"","site-post-title":"disabled","ast-breadcrumbs-content":"","ast-featured-img":"","footer-sml-layout":"","ast-disable-related-posts":"","theme-transparent-header-meta":"","adv-header-id-meta":"","stick-header-meta":"","header-above-stick-meta":"","header-main-stick-meta":"","header-below-stick-meta":"","astra-migrate-meta-layouts":"set","ast-page-background-enabled":"default","ast-page-background-meta":{"desktop":{"background-color":"","background-image":"","background-repeat":"repeat","background-position":"center center","background-size":"auto","background-attachment":"scroll","background-type":"","background-media":"","overlay-type":"","overlay-color":"","overlay-opacity":"","overlay-gradient":""},"tablet":{"background-color":"","background-image":"","background-repeat":"repeat","background-position":"center center","background-size":"auto","background-attachment":"scroll","background-type":"","background-media":"","overlay-type":"","overlay-color":"","overlay-opacity":"","overlay-gradient":""},"mobile":{"background-color":"","background-image":"","background-repeat":"repeat","background-position":"center center","background-size":"auto","background-attachment":"scroll","background-type":"","background-media":"","overlay-type":"","overlay-color":"","overlay-opacity":"","overlay-gradient":""}},"ast-content-background-meta":{"desktop":{"background-color":"var(--ast-global-color-5)","background-image":"","background-repeat":"repeat","background-position":"center center","background-size":"auto","background-attachment":"scroll","background-type":"","background-media":"","overlay-type":"","overlay-color":"","overlay-opacity":"","overlay-gradient":""},"tablet":{"background-color":"var(--ast-global-color-5)","background-image":"","background-repeat":"repeat","background-position":"center center","background-size":"auto","background-attachment":"scroll","background-type":"","background-media":"","overlay-type":"","overlay-color":"","overlay-opacity":"","overlay-gradient":""},"mobile":{"background-color":"var(--ast-global-color-5)","background-image":"","background-repeat":"repeat","background-position":"center center","background-size":"auto","background-attachment":"scroll","background-type":"","background-media":"","overlay-type":"","overlay-color":"","overlay-opacity":"","overlay-gradient":""}},"footnotes":""},"class_list":["post-27434","page","type-page","status-publish","hentry"],"uagb_featured_image_src":{"full":false,"thumbnail":false,"medium":false,"medium_large":false,"large":false,"1536x1536":false,"2048x2048":false},"uagb_author_info":{"display_name":"doga-de","author_link":"https:\/\/dogahr.com\/de\/author\/doga-de\/"},"uagb_comment_info":0,"uagb_excerpt":"Lohnabrechnungs Dienste DogaHR ist bereit, Sie bei Ihren Personalmanagement Anforderungen zu unterst\u00fctzen! Als DogaHR bieten wir L\u00f6sungen f\u00fcr die Personalunterlagen und Gehaltsabrechnung Verwaltung Ihres Unternehmens.","_links":{"self":[{"href":"https:\/\/dogahr.com\/de\/wp-json\/wp\/v2\/pages\/27434","targetHints":{"allow":["GET"]}}],"collection":[{"href":"https:\/\/dogahr.com\/de\/wp-json\/wp\/v2\/pages"}],"about":[{"href":"https:\/\/dogahr.com\/de\/wp-json\/wp\/v2\/types\/page"}],"author":[{"embeddable":true,"href":"https:\/\/dogahr.com\/de\/wp-json\/wp\/v2\/users\/1"}],"replies":[{"embeddable":true,"href":"https:\/\/dogahr.com\/de\/wp-json\/wp\/v2\/comments?post=27434"}],"version-history":[{"count":0,"href":"https:\/\/dogahr.com\/de\/wp-json\/wp\/v2\/pages\/27434\/revisions"}],"wp:attachment":[{"href":"https:\/\/dogahr.com\/de\/wp-json\/wp\/v2\/media?parent=27434"}],"curies":[{"name":"wp","href":"https:\/\/api.w.org\/{rel}","templated":true}]}}