{"id":27473,"date":"2024-03-04T13:13:16","date_gmt":"2024-03-04T10:13:16","guid":{"rendered":"http:\/\/127.0.0.1\/wordpress\/?page_id=27473"},"modified":"2024-03-17T16:11:40","modified_gmt":"2024-03-17T13:11:40","slug":"dogahr-organisationsmanagement","status":"publish","type":"page","link":"https:\/\/dogahr.com\/de\/dogahr-organisationsmanagement\/","title":{"rendered":"Organisationsmanagement"},"content":{"rendered":"\n<div class=\"wp-block-uagb-container uagb-block-f1ce7e20 alignfull uagb-is-root-container\"><div class=\"uagb-container-inner-blocks-wrap\">\n<div class=\"wp-block-uagb-advanced-heading uagb-block-b3db0c3a\"><h1 class=\"uagb-heading-text\">Organisationsmanagement<\/h1><p class=\"uagb-desc-text\">St\u00e4rken Sie Ihr Team mit der Erfahrung von DogaHR<\/p><\/div>\n<\/div><\/div>\n\n\n\n<div class=\"wp-block-uagb-container uagb-block-6fb80492 alignfull uagb-is-root-container\"><div class=\"uagb-container-inner-blocks-wrap\">\n<div class=\"wp-block-uagb-container uagb-block-2e1818d6\">\n<div class=\"wp-block-uagb-advanced-heading uagb-block-fba16994\"><h4 class=\"uagb-heading-text\">DogaHR Organisationsmanagement<\/h4><p class=\"uagb-desc-text\">Als DogaHR k\u00f6nnen wir gemeinsam alle Prozesse im Zusammenhang mit Management, F\u00fchrung und Personalwesen verbessern, die Ihr Unternehmen ben\u00f6tigt.<\/p><\/div>\n<\/div>\n\n\n\n<div class=\"wp-block-uagb-container uagb-block-2786874d\">\n<div class=\"wp-block-uagb-container uagb-block-1b4a5468\">\n<div class=\"wp-block-uagb-image uagb-block-4a1d8949 wp-block-uagb-image--layout-default wp-block-uagb-image--effect-static wp-block-uagb-image--align-none\"><figure class=\"wp-block-uagb-image__figure\"><img decoding=\"async\" srcset=\"https:\/\/dogahr.com\/de\/wp-content\/uploads\/2024\/02\/hizmet_organizasyon.webp ,https:\/\/dogahr.com\/de\/wp-content\/uploads\/2024\/02\/hizmet_organizasyon.webp 780w, https:\/\/dogahr.com\/de\/wp-content\/uploads\/2024\/02\/hizmet_organizasyon.webp 360w\" sizes=\"auto, (max-width: 480px) 150px\" src=\"https:\/\/dogahr.com\/de\/wp-content\/uploads\/2024\/02\/hizmet_organizasyon.webp\" alt=\"DogaHR Organisationsmanagement\" class=\"uag-image-27064\" width=\"600\" height=\"400\" title=\"DogaHR Organisationsmanagement\" loading=\"lazy\" role=\"img\"\/><\/figure><\/div>\n<\/div>\n\n\n\n<div class=\"wp-block-uagb-container uagb-block-65e0d36c\">\n<ul class=\"wp-block-list\" style=\"margin-top:0;margin-right:0;margin-bottom:0;margin-left:0;padding-top:0;padding-right:var(--wp--preset--spacing--40);padding-bottom:0;padding-left:var(--wp--preset--spacing--40)\">\n<li><strong>Organisationsziele festlegen<\/strong><\/li>\n\n\n\n<li><strong>Organisatorisches und individuelles Leistungsmanagement<\/strong><\/li>\n\n\n\n<li><strong>Festlegung von F\u00fchrungsgrunds\u00e4tzen<\/strong><\/li>\n\n\n\n<li><strong>F\u00fchrungstraining<\/strong><\/li>\n\n\n\n<li><strong>Durchf\u00fchrung der gesamten Mitarbeiterkommunikation<\/strong><\/li>\n\n\n\n<li><strong>Einrichtung eines j\u00e4hrlichen Mitarbeiterbefragungssystems<\/strong><\/li>\n\n\n\n<li><strong>Auswertung der Gesamtmitarbeiterbefragung<\/strong><\/li>\n\n\n\n<li><strong>Ermittlung von Ma\u00dfnahmen auf Basis der Gesamtmitarbeiterbefragung<\/strong><\/li>\n<\/ul>\n<\/div>\n<\/div>\n<\/div><\/div>\n","protected":false},"excerpt":{"rendered":"<p>Organisationsmanagement St\u00e4rken Sie Ihr Team mit der Erfahrung von DogaHR DogaHR Organisationsmanagement Als DogaHR k\u00f6nnen wir gemeinsam alle Prozesse im Zusammenhang mit Management, F\u00fchrung und Personalwesen verbessern, die Ihr Unternehmen ben\u00f6tigt.<\/p>\n","protected":false},"author":1,"featured_media":0,"parent":0,"menu_order":0,"comment_status":"closed","ping_status":"closed","template":"","meta":{"_uag_custom_page_level_css":"","site-sidebar-layout":"no-sidebar","site-content-layout":"","ast-site-content-layout":"normal-width-container","site-content-style":"unboxed","site-sidebar-style":"unboxed","ast-global-header-display":"","ast-banner-title-visibility":"","ast-main-header-display":"","ast-hfb-above-header-display":"","ast-hfb-below-header-display":"","ast-hfb-mobile-header-display":"","site-post-title":"disabled","ast-breadcrumbs-content":"","ast-featured-img":"","footer-sml-layout":"","ast-disable-related-posts":"","theme-transparent-header-meta":"","adv-header-id-meta":"","stick-header-meta":"","header-above-stick-meta":"","header-main-stick-meta":"","header-below-stick-meta":"","astra-migrate-meta-layouts":"set","ast-page-background-enabled":"default","ast-page-background-meta":{"desktop":{"background-color":"","background-image":"","background-repeat":"repeat","background-position":"center center","background-size":"auto","background-attachment":"scroll","background-type":"","background-media":"","overlay-type":"","overlay-color":"","overlay-opacity":"","overlay-gradient":""},"tablet":{"background-color":"","background-image":"","background-repeat":"repeat","background-position":"center center","background-size":"auto","background-attachment":"scroll","background-type":"","background-media":"","overlay-type":"","overlay-color":"","overlay-opacity":"","overlay-gradient":""},"mobile":{"background-color":"","background-image":"","background-repeat":"repeat","background-position":"center center","background-size":"auto","background-attachment":"scroll","background-type":"","background-media":"","overlay-type":"","overlay-color":"","overlay-opacity":"","overlay-gradient":""}},"ast-content-background-meta":{"desktop":{"background-color":"var(--ast-global-color-5)","background-image":"","background-repeat":"repeat","background-position":"center center","background-size":"auto","background-attachment":"scroll","background-type":"","background-media":"","overlay-type":"","overlay-color":"","overlay-opacity":"","overlay-gradient":""},"tablet":{"background-color":"var(--ast-global-color-5)","background-image":"","background-repeat":"repeat","background-position":"center center","background-size":"auto","background-attachment":"scroll","background-type":"","background-media":"","overlay-type":"","overlay-color":"","overlay-opacity":"","overlay-gradient":""},"mobile":{"background-color":"var(--ast-global-color-5)","background-image":"","background-repeat":"repeat","background-position":"center center","background-size":"auto","background-attachment":"scroll","background-type":"","background-media":"","overlay-type":"","overlay-color":"","overlay-opacity":"","overlay-gradient":""}},"footnotes":""},"class_list":["post-27473","page","type-page","status-publish","hentry"],"uagb_featured_image_src":{"full":false,"thumbnail":false,"medium":false,"medium_large":false,"large":false,"1536x1536":false,"2048x2048":false},"uagb_author_info":{"display_name":"doga-de","author_link":"https:\/\/dogahr.com\/de\/author\/doga-de\/"},"uagb_comment_info":0,"uagb_excerpt":"Organisationsmanagement St\u00e4rken Sie Ihr Team mit der Erfahrung von DogaHR DogaHR Organisationsmanagement Als DogaHR k\u00f6nnen wir gemeinsam alle Prozesse im Zusammenhang mit Management, F\u00fchrung und Personalwesen verbessern, die Ihr Unternehmen ben\u00f6tigt.","_links":{"self":[{"href":"https:\/\/dogahr.com\/de\/wp-json\/wp\/v2\/pages\/27473","targetHints":{"allow":["GET"]}}],"collection":[{"href":"https:\/\/dogahr.com\/de\/wp-json\/wp\/v2\/pages"}],"about":[{"href":"https:\/\/dogahr.com\/de\/wp-json\/wp\/v2\/types\/page"}],"author":[{"embeddable":true,"href":"https:\/\/dogahr.com\/de\/wp-json\/wp\/v2\/users\/1"}],"replies":[{"embeddable":true,"href":"https:\/\/dogahr.com\/de\/wp-json\/wp\/v2\/comments?post=27473"}],"version-history":[{"count":0,"href":"https:\/\/dogahr.com\/de\/wp-json\/wp\/v2\/pages\/27473\/revisions"}],"wp:attachment":[{"href":"https:\/\/dogahr.com\/de\/wp-json\/wp\/v2\/media?parent=27473"}],"curies":[{"name":"wp","href":"https:\/\/api.w.org\/{rel}","templated":true}]}}